{"id":3,"date":"2020-06-09T10:35:30","date_gmt":"2020-06-09T10:35:30","guid":{"rendered":"http:\/\/www.laspueblas.com\/?page_id=3"},"modified":"2021-04-12T19:45:13","modified_gmt":"2021-04-12T17:45:13","slug":"politica-privacidad","status":"publish","type":"page","link":"https:\/\/www.laspueblas.com\/index.php\/politica-privacidad\/","title":{"rendered":"Pol\u00edtica de privacidad"},"content":{"rendered":"<h6><\/h6>\n<h5><strong>01. INFORMACI\u00d3N PREVIA A LA POL\u00cdTICA DE COOKIES<\/strong><\/h5>\n<p>EXPLOTACIONES AGRICOLAS LA PUEBLA SL debe realizar un an\u00e1lisis exhaustivo de las Cookies que, a trav\u00e9s de su p\u00e1gina web, pueden ser instaladas en los dispositivos inform\u00e1ticos de los usuarios. Conocida la finalidad de las mismas, EXPLOTACIONES AGRICOLAS LA PUEBLA SL debe cumplir con el art\u00edculo 22.2 de la Ley 34\/2002, de 11 de julio, de Servicios de la Sociedad de la Informaci\u00f3n y de Comercio Electr\u00f3nico (LSSI-CE), as\u00ed como con las recomendaciones que la Agencia Espa\u00f1ola de Protecci\u00f3n de Datos ha publicado en su Gu\u00eda sobre el uso de Cookies. Asimismo, necesita contar con la autorizaci\u00f3n de los usuarios para dicha instalaci\u00f3n. Para conocer el tipo de Cookies y las finalidades, revise el documento Pol\u00edtica de Cookies que aparece en esta misma p\u00e1gina m\u00e1s adelante. En este sentido, a continuaci\u00f3n le remitimos aquella informaci\u00f3n que EXPLOTACIONES AGRICOLAS LA PUEBLA SL debe escoger e insertar en su p\u00e1gina web, dependiendo de las Cookies que disponga, mediante una barra de encabezamiento o una ventana emergente. Utilizaci\u00f3n de cookies propias. Este sitio web \u00fanicamente utiliza Cookies propias para recopilar informaci\u00f3n con la finalidad de mejorar nuestros servicios. Si continua navegando, supone la aceptaci\u00f3n de la instalaci\u00f3n de las mismas. El usuario tiene la posibilidad de configurar su navegador pudiendo, si as\u00ed lo desea, impedir que sean instaladas en su disco duro, aunque deber\u00e1 tener en cuenta que dicha acci\u00f3n podr\u00e1 ocasionar dificultades de navegaci\u00f3n de la p\u00e1gina web. Cuando se pulse C\u00f3mo configurar, se deber\u00e1 insertar un link que se dirija a la siguiente informaci\u00f3n facilitada en el documento Pol\u00edtica de cookies: \u201cAsimismo, EXPLOTACIONES AGRICOLAS LA PUEBLA SL informa al usuario de que tiene la posibilidad de configurar su navegador de modo que se le informe de la recepci\u00f3n de cookies, pudiendo, si as\u00ed lo desea, impedir que sean instaladas en su disco duro. A continuaci\u00f3n le proporcionamos los enlaces de diversos navegadores, a trav\u00e9s de los cuales podr\u00e1 realizar dicha configuraci\u00f3n:<\/p>\n<ul>\n<li>Firefox desde aqu\u00ed: <a href=\"https:\/\/support.mozilla.org\/es\/kb\/habilitar-y-deshabilitar-cookies-sitios-web-rastrear-preferencias?redirectslug=habilitar-y-deshabilitar-cookies-que-los-sitios-we&amp;redirectlocale=es\" target=\"_blank\" rel=\"noopener\">http:\/\/support.mozilla.org\/es\/kb\/habilitar-y-deshabilitar-cookies-que-los- sitios-we<\/a><\/li>\n<li>Chrome desde aqu\u00ed: <a href=\"http:\/\/support.google.com\/chrome\/bin\/answer.py?hl=es&amp;answer=95647Explorer desde aqu\u00ed: http:\/\/windows.microsoft.com\/es-es\/internet-explorer\/delete-manage-cookies#ie=ie-10\" target=\"_blank\" rel=\"noopener\">http:\/\/support.google.com\/chrome\/bin\/answer.py?hl=es&amp;answer=95647Explorer desde aqu\u00ed: http:\/\/windows.microsoft.com\/es-es\/internet-explorer\/delete-manage-cookies#ie=ie-10<\/a><\/li>\n<li>Safari desde aqu\u00ed:<a href=\"https:\/\/support.apple.com\/kb\/ph17191?locale=es_ES\" target=\"_blank\" rel=\"noopener\"> https:\/\/support.apple.com\/kb\/ph17191?locale=es_ES<\/a><\/li>\n<li>Opera desde aqu\u00ed: <a href=\"https:\/\/help.opera.com\/en\/latest\/web-preferences\/#cookies\" target=\"_blank\" rel=\"noopener\">https:\/\/help.opera.com\/en\/latest\/web-preferences\/#cookies<\/a><\/li>\n<\/ul>\n<p>Por \u00faltimo, recuerde que debe actualizar la tabla del documento Pol\u00edtica de cookies, indicando las Cookies que su p\u00e1gina web instala con la navegaci\u00f3n por parte del usuario<\/p>\n<p>&nbsp;<\/p>\n<h5>02. POL\u00cdTICA DE COOKIES POL\u00cdTICA DE COOKIES<\/h5>\n<p>Una Cookie es un fichero que se descarga en su ordenador al acceder a determinadas p\u00e1ginas web. Las cookies permiten a una p\u00e1gina web, entre otras cosas, almacenar y recuperar informaci\u00f3n sobre los h\u00e1bitos de navegaci\u00f3n de un usuario o de su equipo y, dependiendo de la informaci\u00f3n que contenga y de la forma en que utilice su equipo, pueden utilizarse para reconocer al usuario. Las cookies son esenciales para el funcionamiento de internet, aportando innumerables ventajas en la prestaci\u00f3n de servicios interactivos, facilit\u00e1ndole la navegaci\u00f3n y usabilidad de nuestra web. La informaci\u00f3n que le proporcionamos a continuaci\u00f3n, le ayudar\u00e1 a comprender los diferentes tipos de cookies:<\/p>\n<p><img loading=\"lazy\" class=\"aligncenter wp-image-77 size-full\" src=\"http:\/\/www.laspueblas.com\/wp-content\/uploads\/2021\/04\/cookies-1.jpg\" alt=\"\" width=\"900\" height=\"847\" srcset=\"https:\/\/www.laspueblas.com\/wp-content\/uploads\/2021\/04\/cookies-1.jpg 900w, https:\/\/www.laspueblas.com\/wp-content\/uploads\/2021\/04\/cookies-1-300x282.jpg 300w, https:\/\/www.laspueblas.com\/wp-content\/uploads\/2021\/04\/cookies-1-768x723.jpg 768w\" sizes=\"(max-width: 900px) 100vw, 900px\" \/><\/p>\n<p>&nbsp;<\/p>\n<p>Seg\u00fan lo dispuesto en el art\u00edculo 22.2 de la Ley 34\/2002, de 11 de julio, de Servicios de la Sociedad de la Informaci\u00f3n y de Comercio Electr\u00f3nico (LSSI-CE), EXPLOTACIONES AGRICOLAS LA PUEBLA SL informa de las cookies utilizadas en nuestra website son \u00fanicamente t\u00e9cnicas y propias.<\/p>\n<p>Asimismo, EXPLOTACIONES AGRICOLAS LA PUEBLA SL informa al usuario de que tiene la posibilidad de configurar su navegador de modo que se le informe de la recepci\u00f3n de cookies, pudiendo, si as\u00ed lo desea, impedir que sean instaladas en su disco duro.<br \/>\nA continuaci\u00f3n le proporcionamos los enlaces de diversos navegadores, a trav\u00e9s de los cuales podr\u00e1 realizar dicha configuraci\u00f3n:<\/p>\n<ul>\n<li>Firefox desde aqu\u00ed: <a href=\"http:\/\/support.mozilla.org\/es\/kb\/habilitar-y-deshabilitar-cookies-que-los- sitios-we\" target=\"_blank\" rel=\"noopener\">http:\/\/support.mozilla.org\/es\/kb\/habilitar-y-deshabilitar-cookies-que-los- sitios-we<\/a><\/li>\n<li>Chrome desde aqu\u00ed: <a href=\"http:\/\/support.google.com\/chrome\/bin\/answer.py?hl=es&amp;answer=95647\" target=\"_blank\" rel=\"noopener\">http:\/\/support.google.com\/chrome\/bin\/answer.py?hl=es&amp;answer=95647<\/a><\/li>\n<li>Explorer desde aqu\u00ed: <a href=\"http:\/\/windows.microsoft.com\/es-es\/internet-explorer\/delete-manage-\" target=\"_blank\" rel=\"noopener\">http:\/\/windows.microsoft.com\/es-es\/internet-explorer\/delete-manage-<\/a><br \/>\ncookies#ie=ie-10<\/li>\n<li>Safari desde aqu\u00ed: <a href=\"https:\/\/support.apple.com\/kb\/ph17191?locale=es_ES\" target=\"_blank\" rel=\"noopener\">https:\/\/support.apple.com\/kb\/ph17191?locale=es_ES<\/a><\/li>\n<li>Opera desde aqu\u00ed: <a href=\"https:\/\/help.opera.com\/en\/latest\/web-preferences\/#cookies\" target=\"_blank\" rel=\"noopener\">https:\/\/help.opera.com\/en\/latest\/web-preferences\/#cookies<\/a><\/li>\n<\/ul>\n<p>&nbsp;<\/p>\n<h5>03. CONDICIONES DE USO<\/h5>\n<ul>\n<li>En cumplimiento de la Ley 34\/2002, de 11 de julio, de Servicios de la Sociedad de la Informaci\u00f3n y de Comercio Electr\u00f3nico (LSSI-CE), EXPLOTACIONES AGRICOLAS LA PUEBLA SL informa que es titular del sitio web www.laspueblas.com. De acuerdo con la exigencia del art\u00edculo 10 de la citada Ley, EXPLOTACIONES AGRICOLAS LA PUEBLA SL informa de los siguientes datos:<br \/>\nEl titular de este sitio web es EXPLOTACIONES AGRICOLAS LA PUEBLA SL, con CIF B28184711 y domicilio social en PASEO GENERAL MARTINEZ CAMPOS 39 ESC A IZDA 28010, MADRID, inscrita en el Registro Mercantil, en el tomo 6516, folio 102, hoja M-16079 e inscripci\u00f3n 1a. La direcci\u00f3n de correo electr\u00f3nico de contacto con la empresa es: laspueblas@laspueblas.com.<br \/>\nUsuario y r\u00e9gimen de responsabilidades<br \/>\nLa navegaci\u00f3n, acceso y uso por el sitio web de EXPLOTACIONES AGRICOLAS LA PUEBLA SL confiere la condici\u00f3n de usuario, por la que se aceptan, desde la navegaci\u00f3n por el sitio web de EXPLOTACIONES AGRICOLAS LA PUEBLA SL, todas las condiciones de uso aqu\u00ed establecidas sin perjuicio de la aplicaci\u00f3n de la correspondiente normativa de obligado cumplimiento legal seg\u00fan el caso.<br \/>\nEl sitio web de EXPLOTACIONES AGRICOLAS LA PUEBLA SL proporciona gran diversidad de informaci\u00f3n, servicios y datos. El usuario asume su responsabilidad en el uso correcto del sitio web. Esta responsabilidad se extender\u00e1 a:<\/li>\n<li>La veracidad y licitud de las informaciones aportadas por el usuario en los formularios extendidos por EXPLOTACIONES AGRICOLAS LA PUEBLA SL para el acceso a ciertos contenidos o servicios ofrecidos por el web.<\/li>\n<li>El uso de la informaci\u00f3n, servicios y datos ofrecidos por EXPLOTACIONES AGRICOLAS LA PUEBLA SL contrariamente a lo dispuesto por las presentes condiciones, la Ley, la moral, las buenas costumbres o el orden p\u00fablico, o que de cualquier otro modo puedan suponer lesi\u00f3n de los derechos de terceros o del mismo funcionamiento del sitio web.<\/li>\n<\/ul>\n<p>Pol\u00edtica de enlaces y exenciones de responsabilidad<br \/>\nEXPLOTACIONES AGRICOLAS LA PUEBLA SL no se hace responsable del contenido de los sitios web a los que el usuario pueda acceder a trav\u00e9s de los enlaces establecidos en su sitio web y declara que en ning\u00fan caso proceder\u00e1 a examinar o ejercitar ning\u00fan tipo de control sobre el contenido de otros sitios de la red. Asimismo, tampoco garantizar\u00e1 la disponibilidad t\u00e9cnica, exactitud, veracidad, validez o legalidad de sitios ajenos a su propiedad a los que se pueda acceder por medio de los enlaces.<br \/>\nEXPLOTACIONES AGRICOLAS LA PUEBLA SL declara haber adoptado todas las medidas necesarias para evitar cualquier da\u00f1o a los usuarios de su sitio web, que pudieran derivarse de la navegaci\u00f3n por su sitio web. En consecuencia, EXPLOTACIONES AGRICOLAS LA PUEBLA SL no se hace responsable, en ning\u00fan caso, de los eventuales da\u00f1os que por la navegaci\u00f3n por Internet pudiera sufrir el usuario.<br \/>\nModificaciones<br \/>\nEXPLOTACIONES AGRICOLAS LA PUEBLA SL se reserva el derecho a realizar las modificaciones que considere oportunas, sin aviso previo, en el contenido de su sitio web. Tanto en lo referente a los contenidos del sitio web, como en las condiciones de uso del mismo. Dichas modificaciones podr\u00e1n realizarse a trav\u00e9s de su sitio web por cualquier forma admisible en derecho y ser\u00e1n de obligado cumplimiento durante el tiempo en que se encuentren publicadas en la web y hasta que no sean modificadas v\u00e1lidamente por otras posteriores.<\/p>\n<h6>Protecci\u00f3n de datos<\/h6>\n<p>De conformidad con lo establecido en la normativa vigente en Protecci\u00f3n de Datos de Car\u00e1cter Personal, le informamos que sus datos ser\u00e1n incorporados al sistema de tratamiento titularidad de EXPLOTACIONES AGRICOLAS LA PUEBLA SL con CIF B28184711 y domicilio social sito en PASEO GENERAL MARTINEZ CAMPOS 39 ESC A IZDA 28010, MADRID, con la finalidad de poder facilitar, agilizar y cumplir los compromisos establecidos entre ambas partes. En cumplimiento con la normativa vigente, EXPLOTACIONES AGRICOLAS LA PUEBLA SL informa que los datos ser\u00e1n conservados durante el plazo estrictamente necesario para cumplir con los preceptos mencionados con anterioridad.<br \/>\nLe informamos que trataremos sus datos conforme a la existencia de su consentimiento.<br \/>\nEXPLOTACIONES AGRICOLAS LA PUEBLA SL informa que proceder\u00e1 a tratar los datos de manera l\u00edcita, leal, transparente, adecuada, pertinente, limitada, exacta y actualizada. Es por ello que EXPLOTACIONES AGRICOLAS LA PUEBLA SL se compromete a adoptar todas las medidas razonables para que estos se supriman o rectifiquen sin dilaci\u00f3n cuando sean inexactos.<br \/>\nDe acuerdo con los derechos que le confiere el la normativa vigente en protecci\u00f3n de datos podr\u00e1 ejercer los derechos de acceso, rectificaci\u00f3n, limitaci\u00f3n de tratamiento, supresi\u00f3n, portabilidad y oposici\u00f3n al tratamiento de sus datos de car\u00e1cter personal as\u00ed como del consentimiento prestado para el tratamiento de los mismos, dirigiendo su petici\u00f3n a la direcci\u00f3n postal indicada m\u00e1s arriba o al correo electr\u00f3nico laspueblas@laspueblas.com.<br \/>\nPodr\u00e1 dirigirse a la Autoridad de Control competente para presentar la reclamaci\u00f3n que considere oportuna.<br \/>\nPropiedad intelectual e industrial<br \/>\nEXPLOTACIONES AGRICOLAS LA PUEBLA SL por s\u00ed misma o como cesionaria, es titular de todos los derechos de propiedad intelectual e industrial de su p\u00e1gina web, as\u00ed como de los elementos contenidos en la misma (a t\u00edtulo enunciativo, im\u00e1genes, sonido, audio, v\u00eddeo, software o textos; marcas o logotipos, combinaciones de colores, estructura y dise\u00f1o, selecci\u00f3n de materiales usados, programas de ordenador necesarios para su funcionamiento, acceso y uso, etc.), titularidad de EXPLOTACIONES AGRICOLAS LA PUEBLA SL. Ser\u00e1n, por consiguiente, obras protegidas como propiedad intelectual por el ordenamiento jur\u00eddico espa\u00f1ol, si\u00e9ndoles aplicables tanto la normativa espa\u00f1ola y comunitaria en este campo, como los tratados internacionales relativos a la materia y suscritos por Espa\u00f1a.<br \/>\nTodos los derechos reservados. En virtud de lo dispuesto en la Ley de Propiedad Intelectual, quedan expresamente prohibidas la reproducci\u00f3n, la distribuci\u00f3n y la comunicaci\u00f3n p\u00fablica, incluida su modalidad de puesta a disposici\u00f3n, de la totalidad o parte de los contenidos de esta p\u00e1gina web, con fines comerciales, en cualquier soporte y por cualquier medio t\u00e9cnico, sin la autorizaci\u00f3n de EXPLOTACIONES AGRICOLAS LA PUEBLA SL. El usuario se compromete a respetar los derechos de Propiedad Intelectual e Industrial titularidad de EXPLOTACIONES AGRICOLAS LA PUEBLA SL. Podr\u00e1 visualizar los elementos del portal e incluso imprimirlos, copiarlos y almacenarlos en el disco duro de su ordenador o en cualquier otro soporte f\u00edsico siempre y cuando sea, \u00fanica y exclusivamente, para su uso personal y privado. El usuario deber\u00e1 abstenerse de suprimir, alterar, eludir o manipular cualquier dispositivo de protecci\u00f3n o sistema de seguridad que estuviera instalado en las p\u00e1ginas de EXPLOTACIONES AGRICOLAS LA PUEBLA SL.<br \/>\nAcciones legales, legislaci\u00f3n aplicable y jurisdicci\u00f3n<br \/>\nEXPLOTACIONES AGRICOLAS LA PUEBLA SL se reserva, asimismo, la facultad de presentar las acciones civiles o penales que considere oportunas por la utilizaci\u00f3n indebida de su sitio web y contenidos, o por el incumplimiento de las presentes condiciones.<br \/>\nLa relaci\u00f3n entre el usuario y el prestador se regir\u00e1 por la normativa vigente y de aplicaci\u00f3n en el territorio espa\u00f1ol. De surgir cualquier controversia las partes podr\u00e1n someter sus conflictos a arbitraje o acudir a la jurisdicci\u00f3n ordinaria cumpliendo con las normas sobre jurisdicci\u00f3n y competencia al respecto. EXPLOTACIONES AGRICOLAS LA PUEBLA SL tiene su domicilio en MADRID, Espa\u00f1a.<\/p>\n<p>&nbsp;<\/p>\n<p>&nbsp;<\/p>\n<h5>04. CL\u00c1USULAS LEGALES<\/h5>\n<p>De conformidad con lo establecido en la normativa vigente en Protecci\u00f3n de Datos de Car\u00e1cter Personal, le informamos que sus datos ser\u00e1n incorporados al sistema de tratamiento titularidad de EXPLOTACIONES AGRICOLAS LA PUEBLA SL con CIF B28184711 y domicilio social sito en PASEO GENERAL MARTINEZ CAMPOS 39 ESC A IZDA 28010, MADRID, con la finalidad de atender sus consultas y remitirle comunicaciones comerciales que puedan ser de su inter\u00e9s. En cumplimiento con la normativa vigente, EXPLOTACIONES AGRICOLAS LA PUEBLA SL informa que los datos ser\u00e1n conservados durante el plazo estrictamente necesario para cumplir con los preceptos mencionados con anterioridad.<br \/>\nLe informamos que trataremos sus datos conforme a la existencia de su consentimiento.<br \/>\nEXPLOTACIONES AGRICOLAS LA PUEBLA SL informa que proceder\u00e1 a tratar los datos de manera l\u00edcita, leal, transparente, adecuada, pertinente, limitada, exacta y actualizada. Es por ello que EXPLOTACIONES AGRICOLAS LA PUEBLA SL se compromete a adoptar todas las medidas razonables para que estos se supriman o rectifiquen sin dilaci\u00f3n cuando sean inexactos.<br \/>\nDe acuerdo con los derechos que le confiere el la normativa vigente en protecci\u00f3n de datos podr\u00e1 ejercer los derechos de acceso, rectificaci\u00f3n, limitaci\u00f3n de tratamiento, supresi\u00f3n, portabilidad y oposici\u00f3n al tratamiento de sus datos de car\u00e1cter personal as\u00ed como del consentimiento prestado para el tratamiento de los mismos, dirigiendo su petici\u00f3n a la direcci\u00f3n postal indicada m\u00e1s arriba o al correo electr\u00f3nico laspueblas@laspueblas.com.<br \/>\nAsimismo y de acuerdo con lo establecido en la Ley 34\/2002, de 11 de julio, de Servicios de la Sociedad de la Informaci\u00f3n y de Comercio Electr\u00f3nico, en su art\u00edculo 21, solicitamos tambi\u00e9n su consentimiento expreso para enviarle publicidad de nuestros productos o promociones que consideremos puedan ser de su inter\u00e9s, por correo electr\u00f3nico o por cualquier otro medio de comunicaci\u00f3n electr\u00f3nica equivalente.<\/p>\n<p>Le informamos que podr\u00e1 revocar en cualquier momento el consentimiento prestado a la recepci\u00f3n de comunicaciones comerciales enviando un e-mail a la direcci\u00f3n de correo electr\u00f3nico: laspueblas@laspueblas.com.<br \/>\nPodr\u00e1 dirigirse a la Autoridad de Control competente para presentar la reclamaci\u00f3n que considere oportuna.<\/p>\n","protected":false},"excerpt":{"rendered":"<p>01. INFORMACI\u00d3N PREVIA A LA POL\u00cdTICA DE COOKIES EXPLOTACIONES AGRICOLAS LA PUEBLA SL debe realizar un an\u00e1lisis exhaustivo de las Cookies que, a trav\u00e9s de su p\u00e1gina web, pueden ser instaladas en los dispositivos inform\u00e1ticos de los usuarios. Conocida la finalidad de las mismas, EXPLOTACIONES AGRICOLAS LA PUEBLA SL debe cumplir con el art\u00edculo 22.2&hellip;<\/p>\n","protected":false},"author":1,"featured_media":0,"parent":0,"menu_order":0,"comment_status":"closed","ping_status":"open","template":"","meta":[],"_links":{"self":[{"href":"https:\/\/www.laspueblas.com\/index.php\/wp-json\/wp\/v2\/pages\/3"}],"collection":[{"href":"https:\/\/www.laspueblas.com\/index.php\/wp-json\/wp\/v2\/pages"}],"about":[{"href":"https:\/\/www.laspueblas.com\/index.php\/wp-json\/wp\/v2\/types\/page"}],"author":[{"embeddable":true,"href":"https:\/\/www.laspueblas.com\/index.php\/wp-json\/wp\/v2\/users\/1"}],"replies":[{"embeddable":true,"href":"https:\/\/www.laspueblas.com\/index.php\/wp-json\/wp\/v2\/comments?post=3"}],"version-history":[{"count":8,"href":"https:\/\/www.laspueblas.com\/index.php\/wp-json\/wp\/v2\/pages\/3\/revisions"}],"predecessor-version":[{"id":79,"href":"https:\/\/www.laspueblas.com\/index.php\/wp-json\/wp\/v2\/pages\/3\/revisions\/79"}],"wp:attachment":[{"href":"https:\/\/www.laspueblas.com\/index.php\/wp-json\/wp\/v2\/media?parent=3"}],"curies":[{"name":"wp","href":"https:\/\/api.w.org\/{rel}","templated":true}]}}